{"id":22,"date":"2018-01-01T22:43:03","date_gmt":"2018-01-01T22:43:03","guid":{"rendered":"http:\/\/visionjfm.ca\/fr\/?page_id=22"},"modified":"2025-09-11T22:10:54","modified_gmt":"2025-09-12T02:10:54","slug":"accueil","status":"publish","type":"page","link":"https:\/\/visionjfm.com\/fr\/","title":{"rendered":""},"content":{"rendered":"\n<p><\/p>\n\n\n\n<p><br> <\/p>\n\n\n\n<h4 class=\"wp-block-heading has-text-align-center has-text-color\" style=\"color:#999999\">Pour plus d&rsquo;information, suivez la page Facebook <br><a href=\"https:\/\/www.facebook.com\/visionjfm\">Vision JFM Photo<\/a><\/h4>\n\n\n\n<div class=\"wp-block-group\"><div class=\"wp-block-group__inner-container is-layout-constrained wp-block-group-is-layout-constrained\">\n<p>      <br><\/p>\n\n\n\n<p><\/p>\n\n\n\n<p><\/p>\n\n\n\n<p><\/p>\n<\/div><\/div>\n\n\n<ul class=\"wp-block-latest-posts__list wp-block-latest-posts has-medium-font-size\"><li><div class=\"wp-block-latest-posts__featured-image alignright\"><a href=\"https:\/\/visionjfm.com\/fr\/vernissage-synchronicite-celeste\/\" aria-label=\"Vernissage \u00ab\u00a0Synchronicit\u00e9 c\u00e9leste\u00a0\u00bb\"><img loading=\"lazy\" decoding=\"async\" width=\"300\" height=\"158\" src=\"https:\/\/visionjfm.com\/fr\/wp-content\/uploads\/2025\/09\/VisionJFM-169-Vernissage-300x158.png\" class=\"attachment-medium size-medium wp-post-image\" alt=\"\" style=\"max-width:640px;max-height:360px;\" srcset=\"https:\/\/visionjfm.com\/fr\/wp-content\/uploads\/2025\/09\/VisionJFM-169-Vernissage-300x158.png 300w, https:\/\/visionjfm.com\/fr\/wp-content\/uploads\/2025\/09\/VisionJFM-169-Vernissage-600x315.png 600w, https:\/\/visionjfm.com\/fr\/wp-content\/uploads\/2025\/09\/VisionJFM-169-Vernissage-1024x538.png 1024w, https:\/\/visionjfm.com\/fr\/wp-content\/uploads\/2025\/09\/VisionJFM-169-Vernissage-768x403.png 768w, https:\/\/visionjfm.com\/fr\/wp-content\/uploads\/2025\/09\/VisionJFM-169-Vernissage-210x110.png 210w, https:\/\/visionjfm.com\/fr\/wp-content\/uploads\/2025\/09\/VisionJFM-169-Vernissage.png 1200w\" sizes=\"auto, (max-width: 300px) 100vw, 300px\" \/><\/a><\/div><a class=\"wp-block-latest-posts__post-title\" href=\"https:\/\/visionjfm.com\/fr\/vernissage-synchronicite-celeste\/\">Vernissage \u00ab\u00a0Synchronicit\u00e9 c\u00e9leste\u00a0\u00bb<\/a><div class=\"wp-block-latest-posts__post-excerpt\">C&rsquo;est le 12 septembre 2025 de 17h \u00e0 19h Ne manquez pas le vernissage de ma nouvelle exposition dans le cadre de l&rsquo;\u00e9v\u00e9nement collectif \u00ab\u00a0Pleins feux sur les artistes et cr\u00e9ateurs d\u2019ici\u00a0\u00bb : Par la suite l&rsquo;exposition sera disponible jusqu&rsquo;\u00e0 la fin janvier, mais avec un HORAIRE LIMIT\u00c9 : L&rsquo;exposition \u00ab Synchronicit\u00e9 C\u00e9leste \u00bb explore\u2026 <a class=\"wp-block-latest-posts__read-more\" href=\"https:\/\/visionjfm.com\/fr\/vernissage-synchronicite-celeste\/\" rel=\"noopener noreferrer\">Lire la suite<span class=\"screen-reader-text\">\u00a0: Vernissage \u00ab\u00a0Synchronicit\u00e9 c\u00e9leste\u00a0\u00bb<\/span><\/a><\/div><\/li>\n<li><div class=\"wp-block-latest-posts__featured-image alignright\"><a href=\"https:\/\/visionjfm.com\/fr\/exposition-fractures-temporelles\/\" aria-label=\"Exposition \u00ab\u00a0Fractures temporelles\u00a0\u00bb\"><img loading=\"lazy\" decoding=\"async\" width=\"300\" height=\"169\" src=\"https:\/\/visionjfm.com\/fr\/wp-content\/uploads\/2022\/11\/VisionJFM-event169-300x169.png\" class=\"attachment-medium size-medium wp-post-image\" alt=\"\" style=\"max-width:640px;max-height:360px;\" srcset=\"https:\/\/visionjfm.com\/fr\/wp-content\/uploads\/2022\/11\/VisionJFM-event169-300x169.png 300w, https:\/\/visionjfm.com\/fr\/wp-content\/uploads\/2022\/11\/VisionJFM-event169-600x338.png 600w, https:\/\/visionjfm.com\/fr\/wp-content\/uploads\/2022\/11\/VisionJFM-event169-1024x576.png 1024w, https:\/\/visionjfm.com\/fr\/wp-content\/uploads\/2022\/11\/VisionJFM-event169-768x432.png 768w, https:\/\/visionjfm.com\/fr\/wp-content\/uploads\/2022\/11\/VisionJFM-event169-210x118.png 210w, https:\/\/visionjfm.com\/fr\/wp-content\/uploads\/2022\/11\/VisionJFM-event169.png 1120w\" sizes=\"auto, (max-width: 300px) 100vw, 300px\" \/><\/a><\/div><a class=\"wp-block-latest-posts__post-title\" href=\"https:\/\/visionjfm.com\/fr\/exposition-fractures-temporelles\/\">Exposition \u00ab\u00a0Fractures temporelles\u00a0\u00bb<\/a><div class=\"wp-block-latest-posts__post-excerpt\">\u00c0 l&rsquo;affiche jusqu&rsquo;au 11 d\u00e9cembre 2022 seulement Heures d&rsquo;ouverture : L&rsquo;exposition photo \u00e0 ne pas manquer Je suis \u00e9mue devant tant de beaut\u00e9 et d&rsquo;art! Un vrai chef d&rsquo;oeuvre du d\u00e9but \u00e0 la fin! Le format vertical unique donne une vue d&rsquo;ensemble \u00e9poustouflante et ne s&rsquo;appr\u00e9cie qu&rsquo;en personne! Pr\u00e9sentation originale par le format et la\u2026 <a class=\"wp-block-latest-posts__read-more\" href=\"https:\/\/visionjfm.com\/fr\/exposition-fractures-temporelles\/\" rel=\"noopener noreferrer\">Lire la suite<span class=\"screen-reader-text\">\u00a0: Exposition \u00ab\u00a0Fractures temporelles\u00a0\u00bb<\/span><\/a><\/div><\/li>\n<li><a class=\"wp-block-latest-posts__post-title\" href=\"https:\/\/visionjfm.com\/fr\/vision\/\">Ma vision photographique<\/a><div class=\"wp-block-latest-posts__post-excerpt\">Ma passion pour la photo me permet d&rsquo;\u00eatre l&rsquo;interface entre la technologie et l&rsquo;art.&nbsp; J&rsquo;explore notre plan\u00e8te \u00e0 la recherche d&rsquo;images, que ce soit pour pour partager la beaut\u00e9 du monde qui nous entoure, pour toucher les gens ou pour le pur plaisir esth\u00e9tique.<\/div><\/li>\n<\/ul>","protected":false},"excerpt":{"rendered":"<p>Pour plus d&rsquo;information, suivez la page Facebook Vision JFM Photo<\/p>\n","protected":false},"author":1,"featured_media":227,"parent":0,"menu_order":0,"comment_status":"closed","ping_status":"closed","template":"","meta":{"footnotes":""},"class_list":["post-22","page","type-page","status-publish","has-post-thumbnail","hentry"],"jetpack_sharing_enabled":true,"_links":{"self":[{"href":"https:\/\/visionjfm.com\/fr\/wp-json\/wp\/v2\/pages\/22","targetHints":{"allow":["GET"]}}],"collection":[{"href":"https:\/\/visionjfm.com\/fr\/wp-json\/wp\/v2\/pages"}],"about":[{"href":"https:\/\/visionjfm.com\/fr\/wp-json\/wp\/v2\/types\/page"}],"author":[{"embeddable":true,"href":"https:\/\/visionjfm.com\/fr\/wp-json\/wp\/v2\/users\/1"}],"replies":[{"embeddable":true,"href":"https:\/\/visionjfm.com\/fr\/wp-json\/wp\/v2\/comments?post=22"}],"version-history":[{"count":32,"href":"https:\/\/visionjfm.com\/fr\/wp-json\/wp\/v2\/pages\/22\/revisions"}],"predecessor-version":[{"id":294,"href":"https:\/\/visionjfm.com\/fr\/wp-json\/wp\/v2\/pages\/22\/revisions\/294"}],"wp:featuredmedia":[{"embeddable":true,"href":"https:\/\/visionjfm.com\/fr\/wp-json\/wp\/v2\/media\/227"}],"wp:attachment":[{"href":"https:\/\/visionjfm.com\/fr\/wp-json\/wp\/v2\/media?parent=22"}],"curies":[{"name":"wp","href":"https:\/\/api.w.org\/{rel}","templated":true}]}}