{"id":332,"date":"2025-09-12T00:04:32","date_gmt":"2025-09-12T04:04:32","guid":{"rendered":"https:\/\/visionjfm.com\/fr\/?post_type=product&#038;p=332"},"modified":"2025-09-12T01:59:50","modified_gmt":"2025-09-12T05:59:50","slug":"b04-liberte","status":"publish","type":"product","link":"https:\/\/visionjfm.com\/fr\/item\/b04-liberte\/","title":{"rendered":"B04 &#8211; Libert\u00e9"},"content":{"rendered":"<p class=\"my-2 [&amp;+p]:mt-4 [&amp;_strong:has(+br)]:inline-block [&amp;_strong:has(+br)]:pb-2\">Dans la lueur dor\u00e9e de l\u2019alignement, <strong>Libert\u00e9<\/strong> capte ce moment rare o\u00f9 la nature et le ciel semblent dresser un symbole universel d\u2019\u00e9l\u00e9vation et de puissance. Le pic rocheux, sculpt\u00e9 par le temps, se dresse face \u00e0 l\u2019anneau solaire dans une posture affirm\u00e9e, \u00e9cho \u00e0 des figures mythiques qui incarnent l\u2019audace collective.<\/p>\n<p class=\"my-2 [&amp;+p]:mt-4 [&amp;_strong:has(+br)]:inline-block [&amp;_strong:has(+br)]:pb-2\">La sc\u00e8ne est le fruit d\u2019une marche et d\u2019une exploration, c\u00e9l\u00e9brant l\u2019\u00e9lan qui pousse \u00e0 gravir, \u00e0 chercher de nouveaux horizons pour toucher le sublime. L\u2019ombre min\u00e9rale et la lumi\u00e8re c\u00e9leste fusionnent, sugg\u00e9rant la force int\u00e9rieure et la qu\u00eate d\u2019absolu qui nous \u00e9l\u00e8vent au-del\u00e0 du quotidien.<\/p>\n<p class=\"my-2 [&amp;+p]:mt-4 [&amp;_strong:has(+br)]:inline-block [&amp;_strong:has(+br)]:pb-2\">Par-del\u00e0 les silhouettes qui s\u2019y devinent, cette vision invite chacun \u00e0 projeter ses propres r\u00eaves de libert\u00e9 et d\u2019expression, et \u00e0 reconna\u00eetre la grandeur des gestes qui, m\u00eame solitaires, rayonnent loin dans la lumi\u00e8re du monde.<\/p>\n<h2 class=\"my-2 [&amp;+p]:mt-4 [&amp;_strong:has(+br)]:inline-block [&amp;_strong:has(+br)]:pb-2\"><strong>Une \u0153uvre d\u2019art d\u2019exception, durable et authentifi\u00e9e<\/strong><\/h2>\n<ul>\n<li>L\u2019\u0153uvre est r\u00e9alis\u00e9e par sublimation thermique sur une plaque d&rsquo;aluminium de haute qualit\u00e9.<\/li>\n<li>Par ce proc\u00e9d\u00e9, les colorants sont infus\u00e9s sous le rev\u00eatement m\u00e9tallique, offrant des couleurs vives et une r\u00e9sistance durable aux rayures et aux traces.<\/li>\n<li>Un simple nettoyage au chiffon suffit \u00e0 lui redonner son \u00e9clat d\u2019origine.<\/li>\n<li>\u00c0 l\u2019arri\u00e8re, un cadre espaceur cr\u00e9e un \u00e9l\u00e9gant effet de flottement contre le mur.<\/li>\n<li>Chaque tirage est identifi\u00e9e par un sceau holographique num\u00e9rot\u00e9 et accompagn\u00e9e d\u2019un certificat d\u2019authenticit\u00e9.<\/li>\n<\/ul>\n","protected":false},"excerpt":{"rendered":"<p>Libert\u00e9, \u00e9clipse annulaire 2023<\/p>\n<p>Exposition : Synchronicit\u00e9 c\u00e9leste<\/p>\n<p>Sublimation thermique sur aluminium 20&#215;30&Prime;<\/p>\n<p>Tirage limit\u00e9 \u00e0 5 exemplaires<\/p>\n<p>DISPONIBLE<\/p>\n","protected":false},"featured_media":324,"comment_status":"open","ping_status":"closed","template":"","meta":[],"product_brand":[],"product_cat":[29,30],"product_tag":[],"class_list":{"0":"post-332","1":"product","2":"type-product","3":"status-publish","4":"has-post-thumbnail","6":"product_cat-expositions","7":"product_cat-synchronicite-celeste","9":"first","10":"instock","11":"sold-individually","12":"shipping-taxable","13":"product-type-simple"},"jetpack_sharing_enabled":true,"_links":{"self":[{"href":"https:\/\/visionjfm.com\/fr\/wp-json\/wp\/v2\/product\/332","targetHints":{"allow":["GET"]}}],"collection":[{"href":"https:\/\/visionjfm.com\/fr\/wp-json\/wp\/v2\/product"}],"about":[{"href":"https:\/\/visionjfm.com\/fr\/wp-json\/wp\/v2\/types\/product"}],"replies":[{"embeddable":true,"href":"https:\/\/visionjfm.com\/fr\/wp-json\/wp\/v2\/comments?post=332"}],"wp:featuredmedia":[{"embeddable":true,"href":"https:\/\/visionjfm.com\/fr\/wp-json\/wp\/v2\/media\/324"}],"wp:attachment":[{"href":"https:\/\/visionjfm.com\/fr\/wp-json\/wp\/v2\/media?parent=332"}],"wp:term":[{"taxonomy":"product_brand","embeddable":true,"href":"https:\/\/visionjfm.com\/fr\/wp-json\/wp\/v2\/product_brand?post=332"},{"taxonomy":"product_cat","embeddable":true,"href":"https:\/\/visionjfm.com\/fr\/wp-json\/wp\/v2\/product_cat?post=332"},{"taxonomy":"product_tag","embeddable":true,"href":"https:\/\/visionjfm.com\/fr\/wp-json\/wp\/v2\/product_tag?post=332"}],"curies":[{"name":"wp","href":"https:\/\/api.w.org\/{rel}","templated":true}]}}