{"id":333,"date":"2025-09-12T00:03:34","date_gmt":"2025-09-12T04:03:34","guid":{"rendered":"https:\/\/visionjfm.com\/fr\/?post_type=product&#038;p=333"},"modified":"2025-09-12T02:00:00","modified_gmt":"2025-09-12T06:00:00","slug":"b03-eblouissement","status":"publish","type":"product","link":"https:\/\/visionjfm.com\/fr\/item\/b03-eblouissement\/","title":{"rendered":"B03 &#8211; \u00c9blouissement"},"content":{"rendered":"<p class=\"my-2 [&amp;+p]:mt-4 [&amp;_strong:has(+br)]:inline-block [&amp;_strong:has(+br)]:pb-2\">L\u2019instant o\u00f9 le Soleil ressurgit, <strong>\u00c9blouissement<\/strong> d\u00e9peint ce choc lumineux qui traverse le regard et l\u2019\u00e2me. La lumi\u00e8re efface la nuit en explose en une vague de couleurs, si intense qu\u2019elle en laisse des empreintes sur l\u2019image elle-m\u00eame.<\/p>\n<p class=\"my-2 [&amp;+p]:mt-4 [&amp;_strong:has(+br)]:inline-block [&amp;_strong:has(+br)]:pb-2\">Ces reflets imparfaits qui colorent l&rsquo;image, deviennent ici des signes d\u2019humanit\u00e9 : loin de masquer ces artefacts, l\u2019artiste les r\u00e9v\u00e8le et leur donne sens. Ils deviennent un rappel de notre propre fragilit\u00e9 et de notre \u00e9merveillement face \u00e0 la lumi\u00e8re retrouv\u00e9e.<\/p>\n<p class=\"my-2 [&amp;+p]:mt-4 [&amp;_strong:has(+br)]:inline-block [&amp;_strong:has(+br)]:pb-2\">Dans cette rencontre \u00e9clatante, l\u2019\u00e9clipse nous rappelle que la beaut\u00e9 na\u00eet aussi de l\u2019impr\u00e9vu, de nos limites et de nos imperfections. La lumi\u00e8re submerge tout, mais elle nous relie \u00e0 ce qu\u2019il y a de profond\u00e9ment vivant en nous.<\/p>\n<h2 class=\"my-2 [&amp;+p]:mt-4 [&amp;_strong:has(+br)]:inline-block [&amp;_strong:has(+br)]:pb-2\"><strong>Une \u0153uvre d\u2019art d\u2019exception, durable et authentifi\u00e9e<\/strong><\/h2>\n<ul>\n<li>L\u2019\u0153uvre est r\u00e9alis\u00e9e par sublimation thermique sur une plaque d&rsquo;aluminium de haute qualit\u00e9.<\/li>\n<li>Par ce proc\u00e9d\u00e9, les colorants sont infus\u00e9s sous le rev\u00eatement m\u00e9tallique, offrant des couleurs vives et une r\u00e9sistance durable aux rayures et aux traces.<\/li>\n<li>Un simple nettoyage au chiffon suffit \u00e0 lui redonner son \u00e9clat d\u2019origine.<\/li>\n<li>\u00c0 l\u2019arri\u00e8re, un cadre espaceur cr\u00e9e un \u00e9l\u00e9gant effet de flottement contre le mur.<\/li>\n<li>Chaque tirage est identifi\u00e9e par un sceau holographique num\u00e9rot\u00e9 et accompagn\u00e9e d\u2019un certificat d\u2019authenticit\u00e9.<\/li>\n<\/ul>\n","protected":false},"excerpt":{"rendered":"<p>\u00c9blouissement, \u00e9clipse totale 2024<\/p>\n<p>Exposition : Synchronicit\u00e9 c\u00e9leste<\/p>\n<p>Sublimation thermique sur aluminium 20&#215;30&Prime;<\/p>\n<p>Tirage limit\u00e9 \u00e0 5 exemplaires<\/p>\n<p>DISPONIBLE<\/p>\n","protected":false},"featured_media":322,"comment_status":"open","ping_status":"closed","template":"","meta":[],"product_brand":[],"product_cat":[29,30],"product_tag":[],"class_list":{"0":"post-333","1":"product","2":"type-product","3":"status-publish","4":"has-post-thumbnail","6":"product_cat-expositions","7":"product_cat-synchronicite-celeste","9":"first","10":"instock","11":"sold-individually","12":"shipping-taxable","13":"product-type-simple"},"jetpack_sharing_enabled":true,"_links":{"self":[{"href":"https:\/\/visionjfm.com\/fr\/wp-json\/wp\/v2\/product\/333","targetHints":{"allow":["GET"]}}],"collection":[{"href":"https:\/\/visionjfm.com\/fr\/wp-json\/wp\/v2\/product"}],"about":[{"href":"https:\/\/visionjfm.com\/fr\/wp-json\/wp\/v2\/types\/product"}],"replies":[{"embeddable":true,"href":"https:\/\/visionjfm.com\/fr\/wp-json\/wp\/v2\/comments?post=333"}],"wp:featuredmedia":[{"embeddable":true,"href":"https:\/\/visionjfm.com\/fr\/wp-json\/wp\/v2\/media\/322"}],"wp:attachment":[{"href":"https:\/\/visionjfm.com\/fr\/wp-json\/wp\/v2\/media?parent=333"}],"wp:term":[{"taxonomy":"product_brand","embeddable":true,"href":"https:\/\/visionjfm.com\/fr\/wp-json\/wp\/v2\/product_brand?post=333"},{"taxonomy":"product_cat","embeddable":true,"href":"https:\/\/visionjfm.com\/fr\/wp-json\/wp\/v2\/product_cat?post=333"},{"taxonomy":"product_tag","embeddable":true,"href":"https:\/\/visionjfm.com\/fr\/wp-json\/wp\/v2\/product_tag?post=333"}],"curies":[{"name":"wp","href":"https:\/\/api.w.org\/{rel}","templated":true}]}}