{"id":334,"date":"2025-09-12T00:06:23","date_gmt":"2025-09-12T04:06:23","guid":{"rendered":"https:\/\/visionjfm.com\/fr\/?post_type=product&#038;p=334"},"modified":"2025-09-12T02:00:31","modified_gmt":"2025-09-12T06:00:31","slug":"b06-alliance","status":"publish","type":"product","link":"https:\/\/visionjfm.com\/fr\/item\/b06-alliance\/","title":{"rendered":"B06 &#8211; Alliance"},"content":{"rendered":"<p class=\"my-2 [&amp;+p]:mt-4 [&amp;_strong:has(+br)]:inline-block [&amp;_strong:has(+br)]:pb-2\">Dans la simplicit\u00e9 parfaite de cette forme, <strong>Alliance<\/strong> saisit l\u2019instant o\u00f9 deux astres fusionnent en un seul anneau de lumi\u00e8re. Dans cette \u00e9treinte c\u00e9leste, la lune plus discr\u00e8te, le soleil plus vaste, forment un \u00e9quilibre subtil entre douceur et puissance.<\/p>\n<p class=\"my-2 [&amp;+p]:mt-4 [&amp;_strong:has(+br)]:inline-block [&amp;_strong:has(+br)]:pb-2\">L\u2019image \u00e9voque la fusion de deux \u00eatres, leurs diff\u00e9rences s\u2019effa\u00e7ant dans l\u2019union. Comme une bague gliss\u00e9e \u00e0 un doigt, l\u2019anneau lumineux c\u00e9l\u00e8bre une alliance universelle, symbole d\u2019harmonie et d\u2019\u00e9ternit\u00e9 entre deux entit\u00e9s compl\u00e9mentaires.<\/p>\n<p class=\"my-2 [&amp;+p]:mt-4 [&amp;_strong:has(+br)]:inline-block [&amp;_strong:has(+br)]:pb-2\">La puret\u00e9 du cercle fascine et touche : dans sa g\u00e9om\u00e9trie \u00e9l\u00e9mentaire, l\u2019\u00e9motion na\u00eet, irr\u00e9sistible. Un appel silencieux \u00e0 reconna\u00eetre la beaut\u00e9 qui jaillit quand deux mondes se rencontrent, simples, mais d\u00e9j\u00e0 unis pour l\u2019infini.<\/p>\n<h2 class=\"my-2 [&amp;+p]:mt-4 [&amp;_strong:has(+br)]:inline-block [&amp;_strong:has(+br)]:pb-2\"><strong>Une \u0153uvre d\u2019art d\u2019exception, durable et authentifi\u00e9e<\/strong><\/h2>\n<ul>\n<li>L\u2019\u0153uvre est r\u00e9alis\u00e9e par sublimation thermique sur une plaque d&rsquo;aluminium de haute qualit\u00e9.<\/li>\n<li>Par ce proc\u00e9d\u00e9, les colorants sont infus\u00e9s sous le rev\u00eatement m\u00e9tallique, offrant des couleurs vives et une r\u00e9sistance durable aux rayures et aux traces.<\/li>\n<li>Un simple nettoyage au chiffon suffit \u00e0 lui redonner son \u00e9clat d\u2019origine.<\/li>\n<li>\u00c0 l\u2019arri\u00e8re, un cadre espaceur cr\u00e9e un \u00e9l\u00e9gant effet de flottement contre le mur.<\/li>\n<li>Chaque tirage est identifi\u00e9e par un sceau holographique num\u00e9rot\u00e9 et accompagn\u00e9e d\u2019un certificat d\u2019authenticit\u00e9.<\/li>\n<\/ul>\n","protected":false},"excerpt":{"rendered":"<p>Alliance, \u00e9clipse annulaire 2023<\/p>\n<p>Exposition : Synchronicit\u00e9 c\u00e9leste<\/p>\n<p>Sublimation thermique sur aluminium 20&#215;30&Prime;<\/p>\n<p>Tirage limit\u00e9 \u00e0 5 exemplaires<\/p>\n<p>DISPONIBLE<\/p>\n","protected":false},"featured_media":328,"comment_status":"open","ping_status":"closed","template":"","meta":[],"product_brand":[],"product_cat":[29,30],"product_tag":[],"class_list":{"0":"post-334","1":"product","2":"type-product","3":"status-publish","4":"has-post-thumbnail","6":"product_cat-expositions","7":"product_cat-synchronicite-celeste","9":"first","10":"instock","11":"sold-individually","12":"shipping-taxable","13":"product-type-simple"},"jetpack_sharing_enabled":true,"_links":{"self":[{"href":"https:\/\/visionjfm.com\/fr\/wp-json\/wp\/v2\/product\/334","targetHints":{"allow":["GET"]}}],"collection":[{"href":"https:\/\/visionjfm.com\/fr\/wp-json\/wp\/v2\/product"}],"about":[{"href":"https:\/\/visionjfm.com\/fr\/wp-json\/wp\/v2\/types\/product"}],"replies":[{"embeddable":true,"href":"https:\/\/visionjfm.com\/fr\/wp-json\/wp\/v2\/comments?post=334"}],"wp:featuredmedia":[{"embeddable":true,"href":"https:\/\/visionjfm.com\/fr\/wp-json\/wp\/v2\/media\/328"}],"wp:attachment":[{"href":"https:\/\/visionjfm.com\/fr\/wp-json\/wp\/v2\/media?parent=334"}],"wp:term":[{"taxonomy":"product_brand","embeddable":true,"href":"https:\/\/visionjfm.com\/fr\/wp-json\/wp\/v2\/product_brand?post=334"},{"taxonomy":"product_cat","embeddable":true,"href":"https:\/\/visionjfm.com\/fr\/wp-json\/wp\/v2\/product_cat?post=334"},{"taxonomy":"product_tag","embeddable":true,"href":"https:\/\/visionjfm.com\/fr\/wp-json\/wp\/v2\/product_tag?post=334"}],"curies":[{"name":"wp","href":"https:\/\/api.w.org\/{rel}","templated":true}]}}