{"id":335,"date":"2025-09-12T00:05:01","date_gmt":"2025-09-12T04:05:01","guid":{"rendered":"https:\/\/visionjfm.com\/fr\/?post_type=product&#038;p=335"},"modified":"2025-09-12T02:01:00","modified_gmt":"2025-09-12T06:01:00","slug":"b05-couronnement","status":"publish","type":"product","link":"https:\/\/visionjfm.com\/fr\/item\/b05-couronnement\/","title":{"rendered":"B05 &#8211; Couronnement"},"content":{"rendered":"<p class=\"my-2 [&amp;+p]:mt-4 [&amp;_strong:has(+br)]:inline-block [&amp;_strong:has(+br)]:pb-2\">Le moment du <strong>Couronnement<\/strong> surgit lorsque la lumi\u00e8re forme une couronne \u00e9clatante, enveloppant la Lune d\u2019un halo bleu profond. L\u2019\u00e9clipse atteint ici son apog\u00e9e, faisant rayonner les filaments de la couronne solaire tel un diad\u00e8me c\u00e9leste.<\/p>\n<p class=\"my-2 [&amp;+p]:mt-4 [&amp;_strong:has(+br)]:inline-block [&amp;_strong:has(+br)]:pb-2\">L\u2019\u00e9motion submerge le spectateur, frapp\u00e9 par la majest\u00e9 de l\u2019\u00e9v\u00e9nement et la perfection du spectacle offert par le ciel. Les contrastes saisissants r\u00e9v\u00e8lent une beaut\u00e9 insaisissable, suspendue entre l\u2019ombre et la lumi\u00e8re, effa\u00e7ant toute fronti\u00e8re terrestre.<\/p>\n<p class=\"my-2 [&amp;+p]:mt-4 [&amp;_strong:has(+br)]:inline-block [&amp;_strong:has(+br)]:pb-2\">Dans cette sc\u00e8ne rare, le cosmos semble nous offrir sa propre c\u00e9r\u00e9monie d\u2019adoubement, o\u00f9 la lumi\u00e8re pure \u00e9claire notre qu\u00eate de sens et d\u2019\u00e9merveillement. Un instant grandiose grav\u00e9 \u00e0 jamais dans la m\u00e9moire et dans le c\u0153ur.<\/p>\n<h2 class=\"my-2 [&amp;+p]:mt-4 [&amp;_strong:has(+br)]:inline-block [&amp;_strong:has(+br)]:pb-2\"><strong>Une \u0153uvre d\u2019art d\u2019exception, durable et authentifi\u00e9e<\/strong><\/h2>\n<ul>\n<li>L\u2019\u0153uvre est r\u00e9alis\u00e9e par sublimation thermique sur une plaque d&rsquo;aluminium de haute qualit\u00e9.<\/li>\n<li>Par ce proc\u00e9d\u00e9, les colorants sont infus\u00e9s sous le rev\u00eatement m\u00e9tallique, offrant des couleurs vives et une r\u00e9sistance durable aux rayures et aux traces.<\/li>\n<li>Un simple nettoyage au chiffon suffit \u00e0 lui redonner son \u00e9clat d\u2019origine.<\/li>\n<li>\u00c0 l\u2019arri\u00e8re, un cadre espaceur cr\u00e9e un \u00e9l\u00e9gant effet de flottement contre le mur.<\/li>\n<li>Chaque tirage est identifi\u00e9e par un sceau holographique num\u00e9rot\u00e9 et accompagn\u00e9e d\u2019un certificat d\u2019authenticit\u00e9.<\/li>\n<\/ul>\n","protected":false},"excerpt":{"rendered":"<p>Couronnement, \u00e9clipse totale 2024<\/p>\n<p>Exposition : Synchronicit\u00e9 c\u00e9leste<\/p>\n<p>Sublimation thermique sur aluminium 20&#215;30&Prime;<\/p>\n<p>Tirage limit\u00e9 \u00e0 5 exemplaires<\/p>\n<p>DISPONIBLE<\/p>\n","protected":false},"featured_media":326,"comment_status":"open","ping_status":"closed","template":"","meta":[],"product_brand":[],"product_cat":[29,30],"product_tag":[],"class_list":{"0":"post-335","1":"product","2":"type-product","3":"status-publish","4":"has-post-thumbnail","6":"product_cat-expositions","7":"product_cat-synchronicite-celeste","9":"first","10":"instock","11":"sold-individually","12":"shipping-taxable","13":"product-type-simple"},"jetpack_sharing_enabled":true,"_links":{"self":[{"href":"https:\/\/visionjfm.com\/fr\/wp-json\/wp\/v2\/product\/335","targetHints":{"allow":["GET"]}}],"collection":[{"href":"https:\/\/visionjfm.com\/fr\/wp-json\/wp\/v2\/product"}],"about":[{"href":"https:\/\/visionjfm.com\/fr\/wp-json\/wp\/v2\/types\/product"}],"replies":[{"embeddable":true,"href":"https:\/\/visionjfm.com\/fr\/wp-json\/wp\/v2\/comments?post=335"}],"wp:featuredmedia":[{"embeddable":true,"href":"https:\/\/visionjfm.com\/fr\/wp-json\/wp\/v2\/media\/326"}],"wp:attachment":[{"href":"https:\/\/visionjfm.com\/fr\/wp-json\/wp\/v2\/media?parent=335"}],"wp:term":[{"taxonomy":"product_brand","embeddable":true,"href":"https:\/\/visionjfm.com\/fr\/wp-json\/wp\/v2\/product_brand?post=335"},{"taxonomy":"product_cat","embeddable":true,"href":"https:\/\/visionjfm.com\/fr\/wp-json\/wp\/v2\/product_cat?post=335"},{"taxonomy":"product_tag","embeddable":true,"href":"https:\/\/visionjfm.com\/fr\/wp-json\/wp\/v2\/product_tag?post=335"}],"curies":[{"name":"wp","href":"https:\/\/api.w.org\/{rel}","templated":true}]}}