{"id":337,"date":"2025-09-12T00:07:18","date_gmt":"2025-09-12T04:07:18","guid":{"rendered":"https:\/\/visionjfm.com\/fr\/?post_type=product&#038;p=337"},"modified":"2025-09-12T02:01:07","modified_gmt":"2025-09-12T06:01:07","slug":"b07-extase","status":"publish","type":"product","link":"https:\/\/visionjfm.com\/fr\/item\/b07-extase\/","title":{"rendered":"B07 &#8211; Extase"},"content":{"rendered":"<p class=\"my-2 [&amp;+p]:mt-4 [&amp;_strong:has(+br)]:inline-block [&amp;_strong:has(+br)]:pb-2\">\u00c0 l\u2019instant o\u00f9 les flammes magenta fendillent l\u2019obscurit\u00e9 c\u00e9leste, <strong>Extase<\/strong> capture le saisissement pur d\u2019un \u00e9merveillement inattendu. L\u2019explosion de couleurs semble irr\u00e9elle, comme un secret cosmique soudain d\u00e9voil\u00e9 au regard.<\/p>\n<p class=\"my-2 [&amp;+p]:mt-4 [&amp;_strong:has(+br)]:inline-block [&amp;_strong:has(+br)]:pb-2\">La surprise se mue en gr\u00e2ce\u202f: les protub\u00e9rances solaires dessinent des arabesques lumineuses d\u2019une intensit\u00e9 bouleversante. Ce spectacle fugace, vibrant d\u2019\u00e9nergie, provoque une \u00e9motion si vive qu\u2019elle submerge toute pens\u00e9e.<\/p>\n<p class=\"my-2 [&amp;+p]:mt-4 [&amp;_strong:has(+br)]:inline-block [&amp;_strong:has(+br)]:pb-2\">Dans cette rencontre exceptionnelle entre la lumi\u00e8re et l\u2019inconnu, le ciel nous offre un \u00e9lan de gratitude. <strong>Extase<\/strong> est ce vertige devant la puissance du cosmos, une jubilation int\u00e9rieure n\u00e9e de l\u2019union parfaite entre beaut\u00e9 et myst\u00e8re.<\/p>\n<h2 class=\"my-2 [&amp;+p]:mt-4 [&amp;_strong:has(+br)]:inline-block [&amp;_strong:has(+br)]:pb-2\"><strong>Une \u0153uvre d\u2019art d\u2019exception, durable et authentifi\u00e9e<\/strong><\/h2>\n<ul>\n<li>L\u2019\u0153uvre est r\u00e9alis\u00e9e par sublimation thermique sur une plaque d&rsquo;aluminium de haute qualit\u00e9.<\/li>\n<li>Par ce proc\u00e9d\u00e9, les colorants sont infus\u00e9s sous le rev\u00eatement m\u00e9tallique, offrant des couleurs vives et une r\u00e9sistance durable aux rayures et aux traces.<\/li>\n<li>Un simple nettoyage au chiffon suffit \u00e0 lui redonner son \u00e9clat d\u2019origine.<\/li>\n<li>\u00c0 l\u2019arri\u00e8re, un cadre espaceur cr\u00e9e un \u00e9l\u00e9gant effet de flottement contre le mur.<\/li>\n<li>Chaque tirage est identifi\u00e9e par un sceau holographique num\u00e9rot\u00e9 et accompagn\u00e9e d\u2019un certificat d\u2019authenticit\u00e9.<\/li>\n<\/ul>\n","protected":false},"excerpt":{"rendered":"<p>Extase, \u00e9clipse totale 2024<\/p>\n<p>Exposition : Synchronicit\u00e9 c\u00e9leste<\/p>\n<p>Sublimation thermique sur aluminium 20&#215;30&Prime;<\/p>\n<p>Tirage limit\u00e9 \u00e0 5 exemplaires<\/p>\n<p>DISPONIBLE<\/p>\n","protected":false},"featured_media":330,"comment_status":"open","ping_status":"closed","template":"","meta":[],"product_brand":[],"product_cat":[29,30],"product_tag":[],"class_list":{"0":"post-337","1":"product","2":"type-product","3":"status-publish","4":"has-post-thumbnail","6":"product_cat-expositions","7":"product_cat-synchronicite-celeste","9":"first","10":"instock","11":"sold-individually","12":"shipping-taxable","13":"product-type-simple"},"jetpack_sharing_enabled":true,"_links":{"self":[{"href":"https:\/\/visionjfm.com\/fr\/wp-json\/wp\/v2\/product\/337","targetHints":{"allow":["GET"]}}],"collection":[{"href":"https:\/\/visionjfm.com\/fr\/wp-json\/wp\/v2\/product"}],"about":[{"href":"https:\/\/visionjfm.com\/fr\/wp-json\/wp\/v2\/types\/product"}],"replies":[{"embeddable":true,"href":"https:\/\/visionjfm.com\/fr\/wp-json\/wp\/v2\/comments?post=337"}],"wp:featuredmedia":[{"embeddable":true,"href":"https:\/\/visionjfm.com\/fr\/wp-json\/wp\/v2\/media\/330"}],"wp:attachment":[{"href":"https:\/\/visionjfm.com\/fr\/wp-json\/wp\/v2\/media?parent=337"}],"wp:term":[{"taxonomy":"product_brand","embeddable":true,"href":"https:\/\/visionjfm.com\/fr\/wp-json\/wp\/v2\/product_brand?post=337"},{"taxonomy":"product_cat","embeddable":true,"href":"https:\/\/visionjfm.com\/fr\/wp-json\/wp\/v2\/product_cat?post=337"},{"taxonomy":"product_tag","embeddable":true,"href":"https:\/\/visionjfm.com\/fr\/wp-json\/wp\/v2\/product_tag?post=337"}],"curies":[{"name":"wp","href":"https:\/\/api.w.org\/{rel}","templated":true}]}}